{"id":3146,"date":"2021-08-19T12:26:45","date_gmt":"2021-08-19T15:26:45","guid":{"rendered":"https:\/\/www.compa-sp.com.br\/?page_id=3146"},"modified":"2025-12-18T13:12:13","modified_gmt":"2025-12-18T16:12:13","slug":"uniforme","status":"publish","type":"page","link":"https:\/\/www.compa-sp.com.br\/es\/uniforme\/","title":{"rendered":"Uniforme"},"content":{"rendered":"\t\t<div data-elementor-type=\"wp-page\" data-elementor-id=\"3146\" class=\"elementor elementor-3146\" data-elementor-post-type=\"page\">\n\t\t\t\t\t\t<section class=\"elementor-section elementor-top-section elementor-element elementor-element-183a7762 elementor-section-boxed elementor-section-height-default elementor-section-height-default\" data-id=\"183a7762\" data-element_type=\"section\" data-e-type=\"section\" data-settings=\"{&quot;jet_parallax_layout_list&quot;:[]}\">\n\t\t\t\t\t\t<div class=\"elementor-container elementor-column-gap-default\">\n\t\t\t\t\t<div class=\"elementor-column elementor-col-100 elementor-top-column elementor-element elementor-element-a47324c\" data-id=\"a47324c\" data-element_type=\"column\" data-e-type=\"column\">\n\t\t\t<div class=\"elementor-widget-wrap\">\n\t\t\t\t\t\t\t<\/div>\n\t\t<\/div>\n\t\t\t\t\t<\/div>\n\t\t<\/section>\n\t\t\t\t<section class=\"elementor-section elementor-top-section elementor-element elementor-element-442ad0a8 elementor-section-boxed elementor-section-height-default elementor-section-height-default\" data-id=\"442ad0a8\" data-element_type=\"section\" data-e-type=\"section\" data-settings=\"{&quot;jet_parallax_layout_list&quot;:[]}\">\n\t\t\t\t\t\t<div class=\"elementor-container elementor-column-gap-default\">\n\t\t\t\t\t<div class=\"elementor-column elementor-col-33 elementor-top-column elementor-element elementor-element-5c22df4e\" data-id=\"5c22df4e\" data-element_type=\"column\" data-e-type=\"column\">\n\t\t\t<div class=\"elementor-widget-wrap\">\n\t\t\t\t\t\t\t<\/div>\n\t\t<\/div>\n\t\t\t\t<div class=\"elementor-column elementor-col-33 elementor-top-column elementor-element elementor-element-75e2cb48\" data-id=\"75e2cb48\" data-element_type=\"column\" data-e-type=\"column\">\n\t\t\t<div class=\"elementor-widget-wrap elementor-element-populated\">\n\t\t\t\t\t\t<div class=\"elementor-element elementor-element-4f180a7f elementor-absolute elementor-widget elementor-widget-heading\" data-id=\"4f180a7f\" data-element_type=\"widget\" data-e-type=\"widget\" data-settings=\"{&quot;_position&quot;:&quot;absolute&quot;}\" data-widget_type=\"heading.default\">\n\t\t\t\t<div class=\"elementor-widget-container\">\n\t\t\t\t\t<h4 class=\"elementor-heading-title elementor-size-default\">Receba nossa Newsletter\n<\/h4>\t\t\t\t<\/div>\n\t\t\t\t<\/div>\n\t\t\t\t\t<\/div>\n\t\t<\/div>\n\t\t\t\t<div class=\"elementor-column elementor-col-33 elementor-top-column elementor-element elementor-element-5eec4a91\" data-id=\"5eec4a91\" data-element_type=\"column\" data-e-type=\"column\">\n\t\t\t<div class=\"elementor-widget-wrap elementor-element-populated\">\n\t\t\t\t\t\t<div class=\"elementor-element elementor-element-6dfe4111 elementor-widget elementor-widget-shortcode\" data-id=\"6dfe4111\" data-element_type=\"widget\" data-e-type=\"widget\" data-widget_type=\"shortcode.default\">\n\t\t\t\t<div class=\"elementor-widget-container\">\n\t\t\t\t\t\t\t<div class=\"elementor-shortcode\"><div class='fluentform ff-default fluentform_wrapper_3 ffs_default_wrap'><form data-form_id=\"3\" id=\"fluentform_3\" class=\"frm-fluent-form fluent_form_3 ff-el-form-top ff_form_instance_3_1 ff-form-loading ffs_default\" data-form_instance=\"ff_form_instance_3_1\" method=\"POST\" ><fieldset  style=\"border: none!important;margin: 0!important;padding: 0!important;background-color: transparent!important;box-shadow: none!important;outline: none!important; min-inline-size: 100%;\">\n                    <legend class=\"ff_screen_reader_title\" style=\"display: block; margin: 0!important;padding: 0!important;height: 0!important;text-indent: -999999px;width: 0!important;overflow:hidden;\">Newsletter<\/legend><input type='hidden' name='__fluent_form_embded_post_id' value='3146' \/><input type=\"hidden\" id=\"_fluentform_3_fluentformnonce\" name=\"_fluentform_3_fluentformnonce\" value=\"7a4c35d268\" \/><input type=\"hidden\" name=\"_wp_http_referer\" value=\"\/es\/wp-json\/wp\/v2\/pages\/3146\" \/><div data-name=\"ff_cn_id_1\"  class='ff-t-container ff-column-container ff_columns_total_2 '><div class='ff-t-cell ff-t-column-1' style='flex-basis: 50%;'><div class='ff-el-group ff-el-form-hide_label has-conditions'><div class=\"ff-el-input--label ff-el-is-required asterisk-right\"><label for='ff_3_email_1' id='label_ff_3_email_1' aria-label=\"Newsletter\">Newsletter<\/label><\/div><div class='ff-el-input--content'><input type=\"email\" name=\"email_1\" id=\"ff_3_email_1\" class=\"ff-el-form-control\" placeholder=\"E-mail\" data-name=\"email_1\"  aria-invalid=\"false\" aria-required=true><\/div><\/div><div class='ff-el-group'><div class=\"ff-el-input--label ff-el-is-required asterisk-right\"><label for='ff_3_dropdown' id='label_ff_3_dropdown' aria-label=\"J\u00e1 tem estudante no Compa?\">J\u00e1 tem estudante no Compa?<\/label><\/div><div class='ff-el-input--content'><select name=\"dropdown\" id=\"ff_3_dropdown\" class=\"ff-el-form-control\" data-name=\"dropdown\" data-calc_value=\"0\"  aria-invalid=\"false\" aria-required=\"true\" aria-labelledby=\"label_ff_3_dropdown\"><option value=\"\">- Selecione -<\/option><option value=\"Sim\"  >Sim<\/option><option value=\"N\u00e3o\"  >N\u00e3o<\/option><\/select><\/div><\/div><\/div><div class='ff-t-cell ff-t-column-2' style='flex-basis: 50%;'><div class='ff-el-group ff-text-left  has-conditions ff_submit_btn_wrapper ff_submit_btn_wrapper_custom'><button class=\"ff-btn ff-btn-submit ff-btn-md ff_btn_style wpf_has_custom_css\" type=\"submit\" name=\"custom_submit_button-3_1\" data-name=\"custom_submit_button-3_1\"  aria-label=\"INSCREVER\">INSCREVER<\/button><style>form.fluent_form_3 .wpf_has_custom_css.ff-btn-submit { background-color:#409EFF;border-color:#409EFF;color:#ffffff;border-radius:-106px;min-width:40; }form.fluent_form_3 .wpf_has_custom_css.ff-btn-submit:hover { background-color:#ffffff;border-color:#409EFF;color:#409EFF;min-width:40%; } <\/style><\/div><\/div><\/div><\/fieldset><\/form><div id='fluentform_3_errors' class='ff-errors-in-stack ff_form_instance_3_1 ff-form-loading_errors ff_form_instance_3_1_errors'><\/div><\/div>            <script type=\"text\/javascript\">\n                window.fluent_form_ff_form_instance_3_1 = {\"id\":\"3\",\"settings\":{\"layout\":{\"labelPlacement\":\"top\",\"helpMessagePlacement\":\"with_label\",\"errorMessagePlacement\":\"inline\",\"cssClassName\":\"\",\"asteriskPlacement\":\"asterisk-right\"},\"restrictions\":{\"denyEmptySubmission\":{\"enabled\":false}}},\"form_instance\":\"ff_form_instance_3_1\",\"form_id_selector\":\"fluentform_3\",\"rules\":{\"email_1\":{\"required\":{\"value\":true,\"message\":\"Este campo \\u00e9 obrigat\\u00f3rio\"},\"email\":{\"value\":true,\"message\":\"Este campo deve conter um email v\\u00e1lido\"}},\"dropdown\":{\"required\":{\"value\":true,\"message\":\"Este campo \\u00e9 obrigat\\u00f3rio\"}}},\"debounce_time\":300,\"conditionals\":{\"email_1\":{\"type\":\"any\",\"status\":true,\"conditions\":[{\"field\":\"dropdown\",\"value\":\"Sim\",\"operator\":\"=\"},{\"field\":\"dropdown\",\"value\":\"N\\u00e3o\",\"operator\":\"=\"}]},\"custom_submit_button-3_1\":{\"type\":\"any\",\"status\":true,\"conditions\":[{\"field\":\"dropdown\",\"value\":\"Sim\",\"operator\":\"=\"},{\"field\":\"dropdown\",\"value\":\"N\\u00e3o\",\"operator\":\"=\"}]}}};\n                            <\/script>\n            <\/div>\n\t\t\t\t\t\t<\/div>\n\t\t\t\t<\/div>\n\t\t\t\t\t<\/div>\n\t\t<\/div>\n\t\t\t\t\t<\/div>\n\t\t<\/section>\n\t\t\t\t<section class=\"elementor-section elementor-top-section elementor-element elementor-element-7c7fa43b elementor-section-boxed elementor-section-height-default elementor-section-height-default\" data-id=\"7c7fa43b\" data-element_type=\"section\" data-e-type=\"section\" data-settings=\"{&quot;jet_parallax_layout_list&quot;:[]}\">\n\t\t\t\t\t\t<div class=\"elementor-container elementor-column-gap-default\">\n\t\t\t\t\t<div class=\"elementor-column elementor-col-100 elementor-top-column elementor-element elementor-element-ef953b5\" data-id=\"ef953b5\" data-element_type=\"column\" data-e-type=\"column\">\n\t\t\t<div class=\"elementor-widget-wrap elementor-element-populated\">\n\t\t\t\t\t\t<div class=\"elementor-element elementor-element-e3083f3 elementor-widget elementor-widget-heading\" data-id=\"e3083f3\" data-element_type=\"widget\" data-e-type=\"widget\" data-widget_type=\"heading.default\">\n\t\t\t\t<div class=\"elementor-widget-container\">\n\t\t\t\t\t<h3 class=\"elementor-heading-title elementor-size-default\">Uniforme<\/h3>\t\t\t\t<\/div>\n\t\t\t\t<\/div>\n\t\t\t\t<div class=\"elementor-element elementor-element-8009cec elementor-widget elementor-widget-text-editor\" data-id=\"8009cec\" data-element_type=\"widget\" data-e-type=\"widget\" data-widget_type=\"text-editor.default\">\n\t\t\t\t<div class=\"elementor-widget-container\">\n\t\t\t\t\t\t\t\t\t<section style=\"\n  min-height: 100vh;\n  display: flex;\n  align-items: center;\n  justify-content: center;\n  background-color: #f6f8fb;\n  padding: 24px;\n  box-sizing: border-box;\n\">\n\n  <div style=\"\n    width: 100%;\n    max-width: 820px;\n    background-color: #ffffff;\n    padding: 40px 32px;\n    border-radius: 20px;\n    box-shadow: 0 10px 28px rgba(0,0,0,0.08);\n  \">\n\n    <p style=\"\n      font-size: 17px;\n      line-height: 1.7;\n      color: #3a3a3a;\n      text-align: center;\n      margin-bottom: 24px;\n    \">\n      Por motivos de <strong>seguran\u00e7a e organiza\u00e7\u00e3o<\/strong>, o uso do \n      <strong>uniforme \u00e9 obrigat\u00f3rio<\/strong>, inclusive nas atividades realizadas no \n      <strong>contraturno<\/strong>, como cursos extracurriculares, treinos, plant\u00f5es, \n      teatro, biblioteca, sa\u00eddas culturais, entre outros.\n    <\/p>\n\n    <div style=\"\n      height: 1px;\n      background-color: #e4e8f0;\n      margin: 32px 0;\n    \"><\/div>\n\n    <p style=\"\n      font-size: 16px;\n      line-height: 1.6;\n      color: #3a3a3a;\n      text-align: center;\n      margin-bottom: 20px;\n    \">\n      Os <strong>uniformes do COMPA<\/strong> agora podem ser adquiridos com a empresa \n      especializada <strong>TEXBLUN<\/strong>.\n    <\/p>\n\n    <div style=\"\n      background-color: #f6f8fb;\n      border-radius: 14px;\n      padding: 20px;\n      text-align: center;\n      margin-bottom: 28px;\n    \">\n      <p style=\"margin: 0; font-size: 15px; color: #3a3a3a;\">\n        <strong>Endere\u00e7o:<\/strong> Rua Manoel da N\u00f3brega, n\u00ba 1126 \u2013 Para\u00edso<br>\n        <strong>Telefone:<\/strong> (11) 3051-3252\n      <\/p>\n    <\/div>\n\n    <p style=\"\n      font-size: 16px;\n      line-height: 1.6;\n      color: #3a3a3a;\n      text-align: center;\n      margin-bottom: 12px;\n    \">\n      Gradativamente, as pe\u00e7as estar\u00e3o dispon\u00edveis para compra no site da \n      <strong>TEXBLUN<\/strong>. Caso o seu modelo favorito j\u00e1 esteja dispon\u00edvel, a compra \n      pode ser realizada diretamente pelo site.\n    <\/p>\n\n    <div style=\"text-align: center;\">\n      <a href=\"https:\/\/texblun.com.br\/categorias\/uniformes\/compa\/\" \n         target=\"_blank\" \n         rel=\"noopener noreferrer\"\n         style=\"display: inline-block; margin-top: 8px; padding: 12px 20px; background-color: #00338d; color: #ffffff; text-decoration: none; border-radius: 24px; font-weight: 600;\">\n        Acessar loja de uniformes COMPA\n      <\/a>\n    <\/div>\n\n  <\/div>\n\n<\/section>\n\t\t\t\t\t\t\t\t<\/div>\n\t\t\t\t<\/div>\n\t\t\t\t\t<\/div>\n\t\t<\/div>\n\t\t\t\t\t<\/div>\n\t\t<\/section>\n\t\t\t\t<\/div>\n\t\t","protected":false},"excerpt":{"rendered":"<p>Receba nossa Newsletter Uniforme Por motivos de seguran\u00e7a e organiza\u00e7\u00e3o, o uso do uniforme \u00e9 obrigat\u00f3rio, inclusive nas atividades realizadas no contraturno, como cursos extracurriculares, treinos,<span class=\"excerpt-hellip\"> [\u2026]<\/span><\/p>\n","protected":false},"author":1,"featured_media":0,"parent":0,"menu_order":0,"comment_status":"closed","ping_status":"closed","template":"","meta":{"inline_featured_image":false,"footnotes":""},"class_list":["post-3146","page","type-page","status-publish","hentry"],"yoast_head":"<!-- This site is optimized with the Yoast SEO Premium plugin v25.7.1 (Yoast SEO v27.3) - https:\/\/yoast.com\/product\/yoast-seo-premium-wordpress\/ -->\n<title>Uniforme &#187; Compa SP \u00bb Col\u00e9gio da Companhia de Maria<\/title>\n<meta name=\"description\" content=\"Nosso olhar aponta para o novo, sem desconsiderar a seguran\u00e7a da tradi\u00e7\u00e3o de quem educa h\u00e1 mais de 400 anos em v\u00e1rias partes do mundo.\" \/>\n<meta name=\"robots\" content=\"index, follow, max-snippet:-1, max-image-preview:large, max-video-preview:-1\" \/>\n<link rel=\"canonical\" href=\"https:\/\/www.compa-sp.com.br\/es\/uniforme\/\" \/>\n<meta property=\"og:locale\" content=\"es_ES\" \/>\n<meta property=\"og:type\" content=\"article\" \/>\n<meta property=\"og:title\" content=\"Uniforme\" \/>\n<meta property=\"og:description\" content=\"Nosso olhar aponta para o novo, sem desconsiderar a seguran\u00e7a da tradi\u00e7\u00e3o de quem educa h\u00e1 mais de 400 anos em v\u00e1rias partes do mundo.\" \/>\n<meta property=\"og:url\" content=\"https:\/\/www.compa-sp.com.br\/es\/uniforme\/\" \/>\n<meta property=\"og:site_name\" content=\"Compa SP \u00bb Col\u00e9gio da Companhia de Maria\" \/>\n<meta property=\"article:publisher\" content=\"https:\/\/www.facebook.com\/colegiodacompanhiademaria\" \/>\n<meta property=\"article:modified_time\" content=\"2025-12-18T16:12:13+00:00\" \/>\n<meta property=\"og:image\" content=\"https:\/\/www.compa-sp.com.br\/wp-content\/uploads\/2022\/10\/compasp_fachada-scaled.jpg\" \/>\n\t<meta property=\"og:image:width\" content=\"2560\" \/>\n\t<meta property=\"og:image:height\" content=\"1854\" \/>\n\t<meta property=\"og:image:type\" content=\"image\/jpeg\" \/>\n<meta name=\"twitter:card\" content=\"summary_large_image\" \/>\n<meta name=\"twitter:label1\" content=\"Tiempo de lectura\" \/>\n\t<meta name=\"twitter:data1\" content=\"1 minuto\" \/>\n<script type=\"application\/ld+json\" class=\"yoast-schema-graph\">{\"@context\":\"https:\\\/\\\/schema.org\",\"@graph\":[{\"@type\":\"WebPage\",\"@id\":\"https:\\\/\\\/www.compa-sp.com.br\\\/uniforme\\\/\",\"url\":\"https:\\\/\\\/www.compa-sp.com.br\\\/uniforme\\\/\",\"name\":\"Uniforme &#187; Compa SP \u00bb Col\u00e9gio da Companhia de Maria\",\"isPartOf\":{\"@id\":\"https:\\\/\\\/www.compa-sp.com.br\\\/#website\"},\"datePublished\":\"2021-08-19T15:26:45+00:00\",\"dateModified\":\"2025-12-18T16:12:13+00:00\",\"description\":\"Nosso olhar aponta para o novo, sem desconsiderar a seguran\u00e7a da tradi\u00e7\u00e3o de quem educa h\u00e1 mais de 400 anos em v\u00e1rias partes do mundo.\",\"breadcrumb\":{\"@id\":\"https:\\\/\\\/www.compa-sp.com.br\\\/uniforme\\\/#breadcrumb\"},\"inLanguage\":\"es\",\"potentialAction\":[{\"@type\":\"ReadAction\",\"target\":[\"https:\\\/\\\/www.compa-sp.com.br\\\/uniforme\\\/\"]}]},{\"@type\":\"BreadcrumbList\",\"@id\":\"https:\\\/\\\/www.compa-sp.com.br\\\/uniforme\\\/#breadcrumb\",\"itemListElement\":[{\"@type\":\"ListItem\",\"position\":1,\"name\":\"In\u00edcio\",\"item\":\"https:\\\/\\\/www.compa-sp.com.br\\\/\"},{\"@type\":\"ListItem\",\"position\":2,\"name\":\"Uniforme\"}]},{\"@type\":\"WebSite\",\"@id\":\"https:\\\/\\\/www.compa-sp.com.br\\\/#website\",\"url\":\"https:\\\/\\\/www.compa-sp.com.br\\\/\",\"name\":\"Compa SP \u00bb Col\u00e9gio da Companhia de Maria\",\"description\":\"Rede Internacional de Ensino\",\"publisher\":{\"@id\":\"https:\\\/\\\/www.compa-sp.com.br\\\/#organization\"},\"potentialAction\":[{\"@type\":\"SearchAction\",\"target\":{\"@type\":\"EntryPoint\",\"urlTemplate\":\"https:\\\/\\\/www.compa-sp.com.br\\\/?s={search_term_string}\"},\"query-input\":{\"@type\":\"PropertyValueSpecification\",\"valueRequired\":true,\"valueName\":\"search_term_string\"}}],\"inLanguage\":\"es\"},{\"@type\":\"Organization\",\"@id\":\"https:\\\/\\\/www.compa-sp.com.br\\\/#organization\",\"name\":\"Compa SP \u2022 Col\u00e9gio da Companhia de Maria \u2022 S\u00e3o Paulo\",\"alternateName\":\"Compa SP\",\"url\":\"https:\\\/\\\/www.compa-sp.com.br\\\/\",\"logo\":{\"@type\":\"ImageObject\",\"inLanguage\":\"es\",\"@id\":\"https:\\\/\\\/www.compa-sp.com.br\\\/#\\\/schema\\\/logo\\\/image\\\/\",\"url\":\"https:\\\/\\\/www.compa-sp.com.br\\\/wp-content\\\/uploads\\\/2022\\\/10\\\/COMPA_LOGO.png\",\"contentUrl\":\"https:\\\/\\\/www.compa-sp.com.br\\\/wp-content\\\/uploads\\\/2022\\\/10\\\/COMPA_LOGO.png\",\"width\":1820,\"height\":1820,\"caption\":\"Compa SP \u2022 Col\u00e9gio da Companhia de Maria \u2022 S\u00e3o Paulo\"},\"image\":{\"@id\":\"https:\\\/\\\/www.compa-sp.com.br\\\/#\\\/schema\\\/logo\\\/image\\\/\"},\"sameAs\":[\"https:\\\/\\\/www.facebook.com\\\/colegiodacompanhiademaria\",\"https:\\\/\\\/www.instagram.com\\\/colegiocompasp\",\"https:\\\/\\\/www.linkedin.com\\\/company\\\/compa-sp\",\"https:\\\/\\\/www.youtube.com\\\/compasp\"]}]}<\/script>\n<!-- \/ Yoast SEO Premium plugin. -->","yoast_head_json":{"title":"Uniforme &#187; Compa SP \u00bb Col\u00e9gio da Companhia de Maria","description":"Nosso olhar aponta para o novo, sem desconsiderar a seguran\u00e7a da tradi\u00e7\u00e3o de quem educa h\u00e1 mais de 400 anos em v\u00e1rias partes do mundo.","robots":{"index":"index","follow":"follow","max-snippet":"max-snippet:-1","max-image-preview":"max-image-preview:large","max-video-preview":"max-video-preview:-1"},"canonical":"https:\/\/www.compa-sp.com.br\/es\/uniforme\/","og_locale":"es_ES","og_type":"article","og_title":"Uniforme","og_description":"Nosso olhar aponta para o novo, sem desconsiderar a seguran\u00e7a da tradi\u00e7\u00e3o de quem educa h\u00e1 mais de 400 anos em v\u00e1rias partes do mundo.","og_url":"https:\/\/www.compa-sp.com.br\/es\/uniforme\/","og_site_name":"Compa SP \u00bb Col\u00e9gio da Companhia de Maria","article_publisher":"https:\/\/www.facebook.com\/colegiodacompanhiademaria","article_modified_time":"2025-12-18T16:12:13+00:00","og_image":[{"width":2560,"height":1854,"url":"https:\/\/www.compa-sp.com.br\/wp-content\/uploads\/2022\/10\/compasp_fachada-scaled.jpg","type":"image\/jpeg"}],"twitter_card":"summary_large_image","twitter_misc":{"Tiempo de lectura":"1 minuto"},"schema":{"@context":"https:\/\/schema.org","@graph":[{"@type":"WebPage","@id":"https:\/\/www.compa-sp.com.br\/uniforme\/","url":"https:\/\/www.compa-sp.com.br\/uniforme\/","name":"Uniforme &#187; Compa SP \u00bb Col\u00e9gio da Companhia de Maria","isPartOf":{"@id":"https:\/\/www.compa-sp.com.br\/#website"},"datePublished":"2021-08-19T15:26:45+00:00","dateModified":"2025-12-18T16:12:13+00:00","description":"Nosso olhar aponta para o novo, sem desconsiderar a seguran\u00e7a da tradi\u00e7\u00e3o de quem educa h\u00e1 mais de 400 anos em v\u00e1rias partes do mundo.","breadcrumb":{"@id":"https:\/\/www.compa-sp.com.br\/uniforme\/#breadcrumb"},"inLanguage":"es","potentialAction":[{"@type":"ReadAction","target":["https:\/\/www.compa-sp.com.br\/uniforme\/"]}]},{"@type":"BreadcrumbList","@id":"https:\/\/www.compa-sp.com.br\/uniforme\/#breadcrumb","itemListElement":[{"@type":"ListItem","position":1,"name":"In\u00edcio","item":"https:\/\/www.compa-sp.com.br\/"},{"@type":"ListItem","position":2,"name":"Uniforme"}]},{"@type":"WebSite","@id":"https:\/\/www.compa-sp.com.br\/#website","url":"https:\/\/www.compa-sp.com.br\/","name":"Compa SP \u00bb Col\u00e9gio da Companhia de Maria","description":"Red Internacional de Educaci\u00f3n","publisher":{"@id":"https:\/\/www.compa-sp.com.br\/#organization"},"potentialAction":[{"@type":"SearchAction","target":{"@type":"EntryPoint","urlTemplate":"https:\/\/www.compa-sp.com.br\/?s={search_term_string}"},"query-input":{"@type":"PropertyValueSpecification","valueRequired":true,"valueName":"search_term_string"}}],"inLanguage":"es"},{"@type":"Organization","@id":"https:\/\/www.compa-sp.com.br\/#organization","name":"Compa SP \u2022 Col\u00e9gio da Companhia de Maria \u2022 S\u00e3o Paulo","alternateName":"Compa SP","url":"https:\/\/www.compa-sp.com.br\/","logo":{"@type":"ImageObject","inLanguage":"es","@id":"https:\/\/www.compa-sp.com.br\/#\/schema\/logo\/image\/","url":"https:\/\/www.compa-sp.com.br\/wp-content\/uploads\/2022\/10\/COMPA_LOGO.png","contentUrl":"https:\/\/www.compa-sp.com.br\/wp-content\/uploads\/2022\/10\/COMPA_LOGO.png","width":1820,"height":1820,"caption":"Compa SP \u2022 Col\u00e9gio da Companhia de Maria \u2022 S\u00e3o Paulo"},"image":{"@id":"https:\/\/www.compa-sp.com.br\/#\/schema\/logo\/image\/"},"sameAs":["https:\/\/www.facebook.com\/colegiodacompanhiademaria","https:\/\/www.instagram.com\/colegiocompasp","https:\/\/www.linkedin.com\/company\/compa-sp","https:\/\/www.youtube.com\/compasp"]}]}},"_links":{"self":[{"href":"https:\/\/www.compa-sp.com.br\/es\/wp-json\/wp\/v2\/pages\/3146","targetHints":{"allow":["GET"]}}],"collection":[{"href":"https:\/\/www.compa-sp.com.br\/es\/wp-json\/wp\/v2\/pages"}],"about":[{"href":"https:\/\/www.compa-sp.com.br\/es\/wp-json\/wp\/v2\/types\/page"}],"author":[{"embeddable":true,"href":"https:\/\/www.compa-sp.com.br\/es\/wp-json\/wp\/v2\/users\/1"}],"replies":[{"embeddable":true,"href":"https:\/\/www.compa-sp.com.br\/es\/wp-json\/wp\/v2\/comments?post=3146"}],"version-history":[{"count":43,"href":"https:\/\/www.compa-sp.com.br\/es\/wp-json\/wp\/v2\/pages\/3146\/revisions"}],"predecessor-version":[{"id":38867,"href":"https:\/\/www.compa-sp.com.br\/es\/wp-json\/wp\/v2\/pages\/3146\/revisions\/38867"}],"wp:attachment":[{"href":"https:\/\/www.compa-sp.com.br\/es\/wp-json\/wp\/v2\/media?parent=3146"}],"curies":[{"name":"wp","href":"https:\/\/api.w.org\/{rel}","templated":true}]}}