{"id":31449,"date":"2022-10-07T10:59:50","date_gmt":"2022-10-07T13:59:50","guid":{"rendered":"https:\/\/www.compa-sp.com.br\/?page_id=31449"},"modified":"2025-12-17T22:13:04","modified_gmt":"2025-12-18T01:13:04","slug":"faq","status":"publish","type":"page","link":"https:\/\/www.compa-sp.com.br\/es\/faq\/","title":{"rendered":"Iniciando no Compa?"},"content":{"rendered":"<div data-elementor-type=\"wp-page\" data-elementor-id=\"31449\" class=\"elementor elementor-31449\" data-elementor-post-type=\"page\">\n\t\t\t\t\t\t<section class=\"elementor-section elementor-top-section elementor-element elementor-element-63639c3 elementor-section-boxed elementor-section-height-default elementor-section-height-default\" data-id=\"63639c3\" data-element_type=\"section\" data-e-type=\"section\" data-settings=\"{&quot;jet_parallax_layout_list&quot;:[]}\">\n\t\t\t\t\t\t<div class=\"elementor-container elementor-column-gap-default\">\n\t\t\t\t\t<div class=\"elementor-column elementor-col-100 elementor-top-column elementor-element elementor-element-5159eea\" data-id=\"5159eea\" data-element_type=\"column\" data-e-type=\"column\">\n\t\t\t<div class=\"elementor-widget-wrap elementor-element-populated\">\n\t\t\t\t\t\t<section class=\"elementor-section elementor-inner-section elementor-element elementor-element-19a875b9 linksbtn elementor-section-full_width elementor-section-height-default elementor-section-height-default\" data-id=\"19a875b9\" data-element_type=\"section\" data-e-type=\"section\" data-settings=\"{&quot;jet_parallax_layout_list&quot;:[]}\">\n\t\t\t\t\t\t<div class=\"elementor-container elementor-column-gap-default\">\n\t\t\t\t\t<div class=\"elementor-column elementor-col-100 elementor-inner-column elementor-element elementor-element-5361bc0c\" data-id=\"5361bc0c\" data-element_type=\"column\" data-e-type=\"column\">\n\t\t\t<div class=\"elementor-widget-wrap elementor-element-populated\">\n\t\t\t\t\t\t<div class=\"elementor-element elementor-element-1075c825 elementor-align-center elementor-widget elementor-widget-button\" data-id=\"1075c825\" data-element_type=\"widget\" data-e-type=\"widget\" data-widget_type=\"button.default\">\n\t\t\t\t<div class=\"elementor-widget-container\">\n\t\t\t\t\t\t\t\t\t<div class=\"elementor-button-wrapper\">\n\t\t\t\t\t<a class=\"elementor-button elementor-button-link elementor-size-sm\" href=\"https:\/\/www.compa-sp.com.br\/es\/material\/\" target=\"_blank\">\n\t\t\t\t\t\t<span class=\"elementor-button-content-wrapper\">\n\t\t\t\t\t\t\t\t\t<span class=\"elementor-button-text\">LISTA DE MATERIAL 2026<\/span>\n\t\t\t\t\t<\/span>\n\t\t\t\t\t<\/a>\n\t\t\t\t<\/div>\n\t\t\t\t\t\t\t\t<\/div>\n\t\t\t\t<\/div>\n\t\t\t\t<div class=\"elementor-element elementor-element-14d2dab6 elementor-align-center elementor-widget elementor-widget-button\" data-id=\"14d2dab6\" data-element_type=\"widget\" data-e-type=\"widget\" data-widget_type=\"button.default\">\n\t\t\t\t<div class=\"elementor-widget-container\">\n\t\t\t\t\t\t\t\t\t<div class=\"elementor-button-wrapper\">\n\t\t\t\t\t<a class=\"elementor-button elementor-button-link elementor-size-sm\" href=\"https:\/\/www.compa-sp.com.br\/es\/app\/\" target=\"_blank\">\n\t\t\t\t\t\t<span class=\"elementor-button-content-wrapper\">\n\t\t\t\t\t\t\t\t\t<span class=\"elementor-button-text\">APLICATIVO COMPA<\/span>\n\t\t\t\t\t<\/span>\n\t\t\t\t\t<\/a>\n\t\t\t\t<\/div>\n\t\t\t\t\t\t\t\t<\/div>\n\t\t\t\t<\/div>\n\t\t\t\t<div class=\"elementor-element elementor-element-6600e8a3 elementor-align-center elementor-widget elementor-widget-button\" data-id=\"6600e8a3\" data-element_type=\"widget\" data-e-type=\"widget\" data-widget_type=\"button.default\">\n\t\t\t\t<div class=\"elementor-widget-container\">\n\t\t\t\t\t\t\t\t\t<div class=\"elementor-button-wrapper\">\n\t\t\t\t\t<a class=\"elementor-button elementor-button-link elementor-size-sm\" href=\"https:\/\/www.compa-sp.com.br\/es\/app\/#google\" target=\"_blank\">\n\t\t\t\t\t\t<span class=\"elementor-button-content-wrapper\">\n\t\t\t\t\t\t\t\t\t<span class=\"elementor-button-text\">E-MAIL DO ESTUDANTE<\/span>\n\t\t\t\t\t<\/span>\n\t\t\t\t\t<\/a>\n\t\t\t\t<\/div>\n\t\t\t\t\t\t\t\t<\/div>\n\t\t\t\t<\/div>\n\t\t\t\t<div class=\"elementor-element elementor-element-9f00b4d elementor-align-center elementor-widget elementor-widget-button\" data-id=\"9f00b4d\" data-element_type=\"widget\" data-e-type=\"widget\" data-widget_type=\"button.default\">\n\t\t\t\t<div class=\"elementor-widget-container\">\n\t\t\t\t\t\t\t\t\t<div class=\"elementor-button-wrapper\">\n\t\t\t\t\t<a class=\"elementor-button elementor-button-link elementor-size-sm\" href=\"https:\/\/www.compa-sp.com.br\/wp-content\/uploads\/2024\/02\/Acesso-ao-Portal-Academico-2024-Consulta-de-Boletos.pdf\" target=\"_blank\">\n\t\t\t\t\t\t<span class=\"elementor-button-content-wrapper\">\n\t\t\t\t\t\t\t\t\t<span class=\"elementor-button-text\">TUTORIAL PORTAL ACAD\u00caMICO<\/span>\n\t\t\t\t\t<\/span>\n\t\t\t\t\t<\/a>\n\t\t\t\t<\/div>\n\t\t\t\t\t\t\t\t<\/div>\n\t\t\t\t<\/div>\n\t\t\t\t<div class=\"elementor-element elementor-element-a07b68b elementor-align-center elementor-widget elementor-widget-button\" data-id=\"a07b68b\" data-element_type=\"widget\" data-e-type=\"widget\" data-widget_type=\"button.default\">\n\t\t\t\t<div class=\"elementor-widget-container\">\n\t\t\t\t\t\t\t\t\t<div class=\"elementor-button-wrapper\">\n\t\t\t\t\t<a class=\"elementor-button elementor-button-link elementor-size-sm\" href=\"https:\/\/www.compa-sp.com.br\/es\/parceiros\/\" target=\"_blank\">\n\t\t\t\t\t\t<span class=\"elementor-button-content-wrapper\">\n\t\t\t\t\t\t\t\t\t<span class=\"elementor-button-text\">PARCEIROS<\/span>\n\t\t\t\t\t<\/span>\n\t\t\t\t\t<\/a>\n\t\t\t\t<\/div>\n\t\t\t\t\t\t\t\t<\/div>\n\t\t\t\t<\/div>\n\t\t\t\t<div class=\"elementor-element elementor-element-f84720d elementor-align-center elementor-widget elementor-widget-button\" data-id=\"f84720d\" data-element_type=\"widget\" data-e-type=\"widget\" data-widget_type=\"button.default\">\n\t\t\t\t<div class=\"elementor-widget-container\">\n\t\t\t\t\t\t\t\t\t<div class=\"elementor-button-wrapper\">\n\t\t\t\t\t<a class=\"elementor-button elementor-button-link elementor-size-sm\" href=\"https:\/\/www.compa-sp.com.br\/es\/fale-conosco\/\">\n\t\t\t\t\t\t<span class=\"elementor-button-content-wrapper\">\n\t\t\t\t\t\t\t\t\t<span class=\"elementor-button-text\">PRECISO DE AJUDA!<\/span>\n\t\t\t\t\t<\/span>\n\t\t\t\t\t<\/a>\n\t\t\t\t<\/div>\n\t\t\t\t\t\t\t\t<\/div>\n\t\t\t\t<\/div>\n\t\t\t\t\t<\/div>\n\t\t<\/div>\n\t\t\t\t\t<\/div>\n\t\t<\/section>\n\t\t\t\t\t<\/div>\n\t\t<\/div>\n\t\t\t\t\t<\/div>\n\t\t<\/section>\n\t\t\t\t<\/div>","protected":false},"excerpt":{"rendered":"<p>LISTA DE MATERIAL 2026 APLICATIVO COMPA E-MAIL DO ESTUDANTE TUTORIAL PORTAL ACAD\u00caMICO PARCEIROS PRECISO DE AJUDA!<\/p>","protected":false},"author":1,"featured_media":31478,"parent":0,"menu_order":0,"comment_status":"closed","ping_status":"closed","template":"","meta":{"inline_featured_image":false,"footnotes":""},"class_list":["post-31449","page","type-page","status-publish","has-post-thumbnail","hentry"],"yoast_head":"<!-- This site is optimized with the Yoast SEO Premium plugin v25.7.1 (Yoast SEO v27.3) - https:\/\/yoast.com\/product\/yoast-seo-premium-wordpress\/ -->\n<title>Iniciando no Compa? &#187; Compa SP \u00bb Col\u00e9gio da Companhia de Maria<\/title>\n<meta name=\"description\" content=\"Nosso olhar aponta para o novo, sem desconsiderar a seguran\u00e7a da tradi\u00e7\u00e3o de quem educa h\u00e1 mais de 400 anos em v\u00e1rias partes do mundo.\" \/>\n<meta name=\"robots\" content=\"index, follow, max-snippet:-1, max-image-preview:large, max-video-preview:-1\" \/>\n<link rel=\"canonical\" href=\"https:\/\/www.compa-sp.com.br\/es\/faq\/\" \/>\n<meta property=\"og:locale\" content=\"es_ES\" \/>\n<meta property=\"og:type\" content=\"article\" \/>\n<meta property=\"og:title\" content=\"Iniciando no Compa?\" \/>\n<meta property=\"og:description\" content=\"Nosso olhar aponta para o novo, sem desconsiderar a seguran\u00e7a da tradi\u00e7\u00e3o de quem educa h\u00e1 mais de 400 anos em v\u00e1rias partes do mundo.\" \/>\n<meta property=\"og:url\" content=\"https:\/\/www.compa-sp.com.br\/es\/faq\/\" \/>\n<meta property=\"og:site_name\" content=\"Compa SP \u00bb Col\u00e9gio da Companhia de Maria\" \/>\n<meta property=\"article:publisher\" content=\"https:\/\/www.facebook.com\/colegiodacompanhiademaria\" \/>\n<meta property=\"article:modified_time\" content=\"2025-12-18T01:13:04+00:00\" \/>\n<meta property=\"og:image\" content=\"https:\/\/www.compa-sp.com.br\/wp-content\/uploads\/2022\/10\/compasp_fachada-scaled.jpg\" \/>\n\t<meta property=\"og:image:width\" content=\"2560\" \/>\n\t<meta property=\"og:image:height\" content=\"1854\" \/>\n\t<meta property=\"og:image:type\" content=\"image\/jpeg\" \/>\n<meta name=\"twitter:card\" content=\"summary_large_image\" \/>\n<script type=\"application\/ld+json\" class=\"yoast-schema-graph\">{\"@context\":\"https:\\\/\\\/schema.org\",\"@graph\":[{\"@type\":\"WebPage\",\"@id\":\"https:\\\/\\\/www.compa-sp.com.br\\\/faq\\\/\",\"url\":\"https:\\\/\\\/www.compa-sp.com.br\\\/faq\\\/\",\"name\":\"Iniciando no Compa? &#187; Compa SP \u00bb Col\u00e9gio da Companhia de Maria\",\"isPartOf\":{\"@id\":\"https:\\\/\\\/www.compa-sp.com.br\\\/#website\"},\"primaryImageOfPage\":{\"@id\":\"https:\\\/\\\/www.compa-sp.com.br\\\/faq\\\/#primaryimage\"},\"image\":{\"@id\":\"https:\\\/\\\/www.compa-sp.com.br\\\/faq\\\/#primaryimage\"},\"thumbnailUrl\":\"https:\\\/\\\/www.compa-sp.com.br\\\/wp-content\\\/uploads\\\/2022\\\/10\\\/compasp_fachada-scaled.jpg\",\"datePublished\":\"2022-10-07T13:59:50+00:00\",\"dateModified\":\"2025-12-18T01:13:04+00:00\",\"description\":\"Nosso olhar aponta para o novo, sem desconsiderar a seguran\u00e7a da tradi\u00e7\u00e3o de quem educa h\u00e1 mais de 400 anos em v\u00e1rias partes do mundo.\",\"breadcrumb\":{\"@id\":\"https:\\\/\\\/www.compa-sp.com.br\\\/faq\\\/#breadcrumb\"},\"inLanguage\":\"es\",\"potentialAction\":[{\"@type\":\"ReadAction\",\"target\":[\"https:\\\/\\\/www.compa-sp.com.br\\\/faq\\\/\"]}]},{\"@type\":\"ImageObject\",\"inLanguage\":\"es\",\"@id\":\"https:\\\/\\\/www.compa-sp.com.br\\\/faq\\\/#primaryimage\",\"url\":\"https:\\\/\\\/www.compa-sp.com.br\\\/wp-content\\\/uploads\\\/2022\\\/10\\\/compasp_fachada-scaled.jpg\",\"contentUrl\":\"https:\\\/\\\/www.compa-sp.com.br\\\/wp-content\\\/uploads\\\/2022\\\/10\\\/compasp_fachada-scaled.jpg\",\"width\":2560,\"height\":1854},{\"@type\":\"BreadcrumbList\",\"@id\":\"https:\\\/\\\/www.compa-sp.com.br\\\/faq\\\/#breadcrumb\",\"itemListElement\":[{\"@type\":\"ListItem\",\"position\":1,\"name\":\"In\u00edcio\",\"item\":\"https:\\\/\\\/www.compa-sp.com.br\\\/\"},{\"@type\":\"ListItem\",\"position\":2,\"name\":\"Iniciando no Compa?\"}]},{\"@type\":\"WebSite\",\"@id\":\"https:\\\/\\\/www.compa-sp.com.br\\\/#website\",\"url\":\"https:\\\/\\\/www.compa-sp.com.br\\\/\",\"name\":\"Compa SP \u00bb Col\u00e9gio da Companhia de Maria\",\"description\":\"Rede Internacional de Ensino\",\"publisher\":{\"@id\":\"https:\\\/\\\/www.compa-sp.com.br\\\/#organization\"},\"potentialAction\":[{\"@type\":\"SearchAction\",\"target\":{\"@type\":\"EntryPoint\",\"urlTemplate\":\"https:\\\/\\\/www.compa-sp.com.br\\\/?s={search_term_string}\"},\"query-input\":{\"@type\":\"PropertyValueSpecification\",\"valueRequired\":true,\"valueName\":\"search_term_string\"}}],\"inLanguage\":\"es\"},{\"@type\":\"Organization\",\"@id\":\"https:\\\/\\\/www.compa-sp.com.br\\\/#organization\",\"name\":\"Compa SP \u2022 Col\u00e9gio da Companhia de Maria \u2022 S\u00e3o Paulo\",\"alternateName\":\"Compa SP\",\"url\":\"https:\\\/\\\/www.compa-sp.com.br\\\/\",\"logo\":{\"@type\":\"ImageObject\",\"inLanguage\":\"es\",\"@id\":\"https:\\\/\\\/www.compa-sp.com.br\\\/#\\\/schema\\\/logo\\\/image\\\/\",\"url\":\"https:\\\/\\\/www.compa-sp.com.br\\\/wp-content\\\/uploads\\\/2022\\\/10\\\/COMPA_LOGO.png\",\"contentUrl\":\"https:\\\/\\\/www.compa-sp.com.br\\\/wp-content\\\/uploads\\\/2022\\\/10\\\/COMPA_LOGO.png\",\"width\":1820,\"height\":1820,\"caption\":\"Compa SP \u2022 Col\u00e9gio da Companhia de Maria \u2022 S\u00e3o Paulo\"},\"image\":{\"@id\":\"https:\\\/\\\/www.compa-sp.com.br\\\/#\\\/schema\\\/logo\\\/image\\\/\"},\"sameAs\":[\"https:\\\/\\\/www.facebook.com\\\/colegiodacompanhiademaria\",\"https:\\\/\\\/www.instagram.com\\\/colegiocompasp\",\"https:\\\/\\\/www.linkedin.com\\\/company\\\/compa-sp\",\"https:\\\/\\\/www.youtube.com\\\/compasp\"]}]}<\/script>\n<!-- \/ Yoast SEO Premium plugin. -->","yoast_head_json":{"title":"Iniciando no Compa? &#187; Compa SP \u00bb Col\u00e9gio da Companhia de Maria","description":"Nosso olhar aponta para o novo, sem desconsiderar a seguran\u00e7a da tradi\u00e7\u00e3o de quem educa h\u00e1 mais de 400 anos em v\u00e1rias partes do mundo.","robots":{"index":"index","follow":"follow","max-snippet":"max-snippet:-1","max-image-preview":"max-image-preview:large","max-video-preview":"max-video-preview:-1"},"canonical":"https:\/\/www.compa-sp.com.br\/es\/faq\/","og_locale":"es_ES","og_type":"article","og_title":"Iniciando no Compa?","og_description":"Nosso olhar aponta para o novo, sem desconsiderar a seguran\u00e7a da tradi\u00e7\u00e3o de quem educa h\u00e1 mais de 400 anos em v\u00e1rias partes do mundo.","og_url":"https:\/\/www.compa-sp.com.br\/es\/faq\/","og_site_name":"Compa SP \u00bb Col\u00e9gio da Companhia de Maria","article_publisher":"https:\/\/www.facebook.com\/colegiodacompanhiademaria","article_modified_time":"2025-12-18T01:13:04+00:00","og_image":[{"width":2560,"height":1854,"url":"https:\/\/www.compa-sp.com.br\/wp-content\/uploads\/2022\/10\/compasp_fachada-scaled.jpg","type":"image\/jpeg"}],"twitter_card":"summary_large_image","schema":{"@context":"https:\/\/schema.org","@graph":[{"@type":"WebPage","@id":"https:\/\/www.compa-sp.com.br\/faq\/","url":"https:\/\/www.compa-sp.com.br\/faq\/","name":"Iniciando no Compa? &#187; Compa SP \u00bb Col\u00e9gio da Companhia de Maria","isPartOf":{"@id":"https:\/\/www.compa-sp.com.br\/#website"},"primaryImageOfPage":{"@id":"https:\/\/www.compa-sp.com.br\/faq\/#primaryimage"},"image":{"@id":"https:\/\/www.compa-sp.com.br\/faq\/#primaryimage"},"thumbnailUrl":"https:\/\/www.compa-sp.com.br\/wp-content\/uploads\/2022\/10\/compasp_fachada-scaled.jpg","datePublished":"2022-10-07T13:59:50+00:00","dateModified":"2025-12-18T01:13:04+00:00","description":"Nosso olhar aponta para o novo, sem desconsiderar a seguran\u00e7a da tradi\u00e7\u00e3o de quem educa h\u00e1 mais de 400 anos em v\u00e1rias partes do mundo.","breadcrumb":{"@id":"https:\/\/www.compa-sp.com.br\/faq\/#breadcrumb"},"inLanguage":"es","potentialAction":[{"@type":"ReadAction","target":["https:\/\/www.compa-sp.com.br\/faq\/"]}]},{"@type":"ImageObject","inLanguage":"es","@id":"https:\/\/www.compa-sp.com.br\/faq\/#primaryimage","url":"https:\/\/www.compa-sp.com.br\/wp-content\/uploads\/2022\/10\/compasp_fachada-scaled.jpg","contentUrl":"https:\/\/www.compa-sp.com.br\/wp-content\/uploads\/2022\/10\/compasp_fachada-scaled.jpg","width":2560,"height":1854},{"@type":"BreadcrumbList","@id":"https:\/\/www.compa-sp.com.br\/faq\/#breadcrumb","itemListElement":[{"@type":"ListItem","position":1,"name":"In\u00edcio","item":"https:\/\/www.compa-sp.com.br\/"},{"@type":"ListItem","position":2,"name":"Iniciando no Compa?"}]},{"@type":"WebSite","@id":"https:\/\/www.compa-sp.com.br\/#website","url":"https:\/\/www.compa-sp.com.br\/","name":"Compa SP \u00bb Col\u00e9gio da Companhia de Maria","description":"Red Internacional de Educaci\u00f3n","publisher":{"@id":"https:\/\/www.compa-sp.com.br\/#organization"},"potentialAction":[{"@type":"SearchAction","target":{"@type":"EntryPoint","urlTemplate":"https:\/\/www.compa-sp.com.br\/?s={search_term_string}"},"query-input":{"@type":"PropertyValueSpecification","valueRequired":true,"valueName":"search_term_string"}}],"inLanguage":"es"},{"@type":"Organization","@id":"https:\/\/www.compa-sp.com.br\/#organization","name":"Compa SP \u2022 Col\u00e9gio da Companhia de Maria \u2022 S\u00e3o Paulo","alternateName":"Compa SP","url":"https:\/\/www.compa-sp.com.br\/","logo":{"@type":"ImageObject","inLanguage":"es","@id":"https:\/\/www.compa-sp.com.br\/#\/schema\/logo\/image\/","url":"https:\/\/www.compa-sp.com.br\/wp-content\/uploads\/2022\/10\/COMPA_LOGO.png","contentUrl":"https:\/\/www.compa-sp.com.br\/wp-content\/uploads\/2022\/10\/COMPA_LOGO.png","width":1820,"height":1820,"caption":"Compa SP \u2022 Col\u00e9gio da Companhia de Maria \u2022 S\u00e3o Paulo"},"image":{"@id":"https:\/\/www.compa-sp.com.br\/#\/schema\/logo\/image\/"},"sameAs":["https:\/\/www.facebook.com\/colegiodacompanhiademaria","https:\/\/www.instagram.com\/colegiocompasp","https:\/\/www.linkedin.com\/company\/compa-sp","https:\/\/www.youtube.com\/compasp"]}]}},"_links":{"self":[{"href":"https:\/\/www.compa-sp.com.br\/es\/wp-json\/wp\/v2\/pages\/31449","targetHints":{"allow":["GET"]}}],"collection":[{"href":"https:\/\/www.compa-sp.com.br\/es\/wp-json\/wp\/v2\/pages"}],"about":[{"href":"https:\/\/www.compa-sp.com.br\/es\/wp-json\/wp\/v2\/types\/page"}],"author":[{"embeddable":true,"href":"https:\/\/www.compa-sp.com.br\/es\/wp-json\/wp\/v2\/users\/1"}],"replies":[{"embeddable":true,"href":"https:\/\/www.compa-sp.com.br\/es\/wp-json\/wp\/v2\/comments?post=31449"}],"version-history":[{"count":283,"href":"https:\/\/www.compa-sp.com.br\/es\/wp-json\/wp\/v2\/pages\/31449\/revisions"}],"predecessor-version":[{"id":38857,"href":"https:\/\/www.compa-sp.com.br\/es\/wp-json\/wp\/v2\/pages\/31449\/revisions\/38857"}],"wp:featuredmedia":[{"embeddable":true,"href":"https:\/\/www.compa-sp.com.br\/es\/wp-json\/wp\/v2\/media\/31478"}],"wp:attachment":[{"href":"https:\/\/www.compa-sp.com.br\/es\/wp-json\/wp\/v2\/media?parent=31449"}],"curies":[{"name":"wp","href":"https:\/\/api.w.org\/{rel}","templated":true}]}}