{"id":1954,"date":"2021-07-23T17:32:54","date_gmt":"2021-07-23T20:32:54","guid":{"rendered":"https:\/\/www.compa-sp.com.br\/?page_id=1954"},"modified":"2024-02-16T12:46:40","modified_gmt":"2024-02-16T15:46:40","slug":"login","status":"publish","type":"page","link":"https:\/\/www.compa-sp.com.br\/es\/login\/","title":{"rendered":"Acceso de estudiantes, responsables y maestros"},"content":{"rendered":"<div data-elementor-type=\"wp-page\" data-elementor-id=\"1954\" class=\"elementor elementor-1954\" data-elementor-post-type=\"page\">\n\t\t\t\t\t\t<section class=\"elementor-section elementor-top-section elementor-element elementor-element-d964c64 elementor-section-full_width elementor-section-stretched elementor-section-height-default elementor-section-height-default\" data-id=\"d964c64\" data-element_type=\"section\" data-e-type=\"section\" data-settings=\"{&quot;stretch_section&quot;:&quot;section-stretched&quot;,&quot;jet_parallax_layout_list&quot;:[]}\">\n\t\t\t\t\t\t<div class=\"elementor-container elementor-column-gap-custom\">\n\t\t\t\t\t<div class=\"elementor-column elementor-col-100 elementor-top-column elementor-element elementor-element-3400610\" data-id=\"3400610\" data-element_type=\"column\" data-e-type=\"column\" data-settings=\"{&quot;background_background&quot;:&quot;classic&quot;}\">\n\t\t\t<div class=\"elementor-widget-wrap elementor-element-populated\">\n\t\t\t\t\t\t<div class=\"elementor-element elementor-element-d739bcd elementor-align-center elementor-icon-list--layout-traditional elementor-list-item-link-full_width elementor-widget elementor-widget-icon-list\" data-id=\"d739bcd\" data-element_type=\"widget\" data-e-type=\"widget\" data-widget_type=\"icon-list.default\">\n\t\t\t\t<div class=\"elementor-widget-container\">\n\t\t\t\t\t\t\t<ul class=\"elementor-icon-list-items\">\n\t\t\t\t\t\t\t<li class=\"elementor-icon-list-item\">\n\t\t\t\t\t\t\t\t\t\t\t<a href=\"https:\/\/www.serconet.com.br\/sistemas\/compasp\/saf\/\" target=\"_blank\">\n\n\t\t\t\t\t\t\t\t\t\t\t<span class=\"elementor-icon-list-text\">Portal Acad\u00eamico<\/span>\n\t\t\t\t\t\t\t\t\t\t\t<\/a>\n\t\t\t\t\t\t\t\t\t<\/li>\n\t\t\t\t\t\t<\/ul>\n\t\t\t\t\t\t<\/div>\n\t\t\t\t<\/div>\n\t\t\t\t<div class=\"elementor-element elementor-element-3b81231 elementor-widget elementor-widget-text-editor\" data-id=\"3b81231\" data-element_type=\"widget\" data-e-type=\"widget\" data-widget_type=\"text-editor.default\">\n\t\t\t\t<div class=\"elementor-widget-container\">\n\t\t\t\t\t\t\t\t\t<p style=\"text-align: center;\">Acesso ao Portal (Pais, Professores e Estudantes)<\/p>\t\t\t\t\t\t\t\t<\/div>\n\t\t\t\t<\/div>\n\t\t\t\t<div class=\"elementor-element elementor-element-5cb57d2 elementor-align-center elementor-icon-list--layout-traditional elementor-list-item-link-full_width elementor-widget elementor-widget-icon-list\" data-id=\"5cb57d2\" data-element_type=\"widget\" data-e-type=\"widget\" data-widget_type=\"icon-list.default\">\n\t\t\t\t<div class=\"elementor-widget-container\">\n\t\t\t\t\t\t\t<ul class=\"elementor-icon-list-items\">\n\t\t\t\t\t\t\t<li class=\"elementor-icon-list-item\">\n\t\t\t\t\t\t\t\t\t\t\t<a href=\"https:\/\/classroom.google.com\/u\/0\/h\" target=\"_blank\">\n\n\t\t\t\t\t\t\t\t\t\t\t<span class=\"elementor-icon-list-text\">Google for Education<\/span>\n\t\t\t\t\t\t\t\t\t\t\t<\/a>\n\t\t\t\t\t\t\t\t\t<\/li>\n\t\t\t\t\t\t<\/ul>\n\t\t\t\t\t\t<\/div>\n\t\t\t\t<\/div>\n\t\t\t\t<div class=\"elementor-element elementor-element-ead6d21 elementor-widget elementor-widget-text-editor\" data-id=\"ead6d21\" data-element_type=\"widget\" data-e-type=\"widget\" data-widget_type=\"text-editor.default\">\n\t\t\t\t<div class=\"elementor-widget-container\">\n\t\t\t\t\t\t\t\t\t<p style=\"text-align: center;\">Acesso ao Google (Professores e Estudantes)<\/p>\t\t\t\t\t\t\t\t<\/div>\n\t\t\t\t<\/div>\n\t\t\t\t<div class=\"elementor-element elementor-element-9120d3f elementor-align-center elementor-icon-list--layout-traditional elementor-list-item-link-full_width elementor-widget elementor-widget-icon-list\" data-id=\"9120d3f\" data-element_type=\"widget\" data-e-type=\"widget\" data-widget_type=\"icon-list.default\">\n\t\t\t\t<div class=\"elementor-widget-container\">\n\t\t\t\t\t\t\t<ul class=\"elementor-icon-list-items\">\n\t\t\t\t\t\t\t<li class=\"elementor-icon-list-item\">\n\t\t\t\t\t\t\t\t\t\t\t<a href=\"http:\/\/classapp.co\/compasp\" target=\"_blank\">\n\n\t\t\t\t\t\t\t\t\t\t\t<span class=\"elementor-icon-list-text\">ClassApp<\/span>\n\t\t\t\t\t\t\t\t\t\t\t<\/a>\n\t\t\t\t\t\t\t\t\t<\/li>\n\t\t\t\t\t\t<\/ul>\n\t\t\t\t\t\t<\/div>\n\t\t\t\t<\/div>\n\t\t\t\t<div class=\"elementor-element elementor-element-a6346f2 elementor-widget elementor-widget-text-editor\" data-id=\"a6346f2\" data-element_type=\"widget\" data-e-type=\"widget\" data-widget_type=\"text-editor.default\">\n\t\t\t\t<div class=\"elementor-widget-container\">\n\t\t\t\t\t\t\t\t\t<p style=\"text-align: center;\">Acesso ao APP (Pais, Professores e Estudantes)<\/p>\t\t\t\t\t\t\t\t<\/div>\n\t\t\t\t<\/div>\n\t\t\t\t\t<\/div>\n\t\t<\/div>\n\t\t\t\t\t<\/div>\n\t\t<\/section>\n\t\t\t\t<\/div>","protected":false},"excerpt":{"rendered":"<p>Portal Acad\u00eamico Acesso ao Portal (Pais, Professores e Estudantes) Google for Education Acesso ao Google (Professores e Estudantes) ClassApp Acesso ao APP (Pais, Professores e Estudantes)<\/p>","protected":false},"author":1,"featured_media":0,"parent":0,"menu_order":0,"comment_status":"closed","ping_status":"closed","template":"","meta":{"inline_featured_image":false,"footnotes":""},"class_list":["post-1954","page","type-page","status-publish","hentry"],"yoast_head":"<!-- This site is optimized with the Yoast SEO Premium plugin v25.7.1 (Yoast SEO v27.5) - https:\/\/yoast.com\/product\/yoast-seo-premium-wordpress\/ -->\n<title>Acesso do Estudante, Respons\u00e1vel e Professor &#187; Compa SP \u00bb Col\u00e9gio da Companhia de Maria<\/title>\n<meta name=\"description\" content=\"Nosso olhar aponta para o novo, sem desconsiderar a seguran\u00e7a da tradi\u00e7\u00e3o de quem educa h\u00e1 mais de 400 anos em v\u00e1rias partes do mundo.\" \/>\n<meta name=\"robots\" content=\"noindex, follow\" \/>\n<meta property=\"og:locale\" content=\"es_ES\" \/>\n<meta property=\"og:type\" content=\"article\" \/>\n<meta property=\"og:title\" content=\"Acesso do Estudante, Respons\u00e1vel e Professor\" \/>\n<meta property=\"og:description\" content=\"Nosso olhar aponta para o novo, sem desconsiderar a seguran\u00e7a da tradi\u00e7\u00e3o de quem educa h\u00e1 mais de 400 anos em v\u00e1rias partes do mundo.\" \/>\n<meta property=\"og:url\" content=\"https:\/\/www.compa-sp.com.br\/es\/login\/\" \/>\n<meta property=\"og:site_name\" content=\"Compa SP \u00bb Col\u00e9gio da Companhia de Maria\" \/>\n<meta property=\"article:publisher\" content=\"https:\/\/www.facebook.com\/colegiodacompanhiademaria\" \/>\n<meta property=\"article:modified_time\" content=\"2024-02-16T15:46:40+00:00\" \/>\n<meta property=\"og:image\" content=\"https:\/\/www.compa-sp.com.br\/wp-content\/uploads\/2022\/10\/compasp_fachada-scaled.jpg\" \/>\n\t<meta property=\"og:image:width\" content=\"2560\" \/>\n\t<meta property=\"og:image:height\" content=\"1854\" \/>\n\t<meta property=\"og:image:type\" content=\"image\/jpeg\" \/>\n<meta name=\"twitter:card\" content=\"summary_large_image\" \/>\n<meta name=\"twitter:label1\" content=\"Tiempo de lectura\" \/>\n\t<meta name=\"twitter:data1\" content=\"1 minuto\" \/>\n<script type=\"application\/ld+json\" class=\"yoast-schema-graph\">{\"@context\":\"https:\\\/\\\/schema.org\",\"@graph\":[{\"@type\":\"WebPage\",\"@id\":\"https:\\\/\\\/www.compa-sp.com.br\\\/login\\\/\",\"url\":\"https:\\\/\\\/www.compa-sp.com.br\\\/login\\\/\",\"name\":\"Acesso do Estudante, Respons\u00e1vel e Professor &#187; Compa SP \u00bb Col\u00e9gio da Companhia de Maria\",\"isPartOf\":{\"@id\":\"https:\\\/\\\/www.compa-sp.com.br\\\/#website\"},\"datePublished\":\"2021-07-23T20:32:54+00:00\",\"dateModified\":\"2024-02-16T15:46:40+00:00\",\"description\":\"Nosso olhar aponta para o novo, sem desconsiderar a seguran\u00e7a da tradi\u00e7\u00e3o de quem educa h\u00e1 mais de 400 anos em v\u00e1rias partes do mundo.\",\"breadcrumb\":{\"@id\":\"https:\\\/\\\/www.compa-sp.com.br\\\/login\\\/#breadcrumb\"},\"inLanguage\":\"es\",\"potentialAction\":[{\"@type\":\"ReadAction\",\"target\":[\"https:\\\/\\\/www.compa-sp.com.br\\\/login\\\/\"]}]},{\"@type\":\"BreadcrumbList\",\"@id\":\"https:\\\/\\\/www.compa-sp.com.br\\\/login\\\/#breadcrumb\",\"itemListElement\":[{\"@type\":\"ListItem\",\"position\":1,\"name\":\"In\u00edcio\",\"item\":\"https:\\\/\\\/www.compa-sp.com.br\\\/\"},{\"@type\":\"ListItem\",\"position\":2,\"name\":\"Acesso do Estudante, Respons\u00e1vel e Professor\"}]},{\"@type\":\"WebSite\",\"@id\":\"https:\\\/\\\/www.compa-sp.com.br\\\/#website\",\"url\":\"https:\\\/\\\/www.compa-sp.com.br\\\/\",\"name\":\"Compa SP \u00bb Col\u00e9gio da Companhia de Maria\",\"description\":\"Rede Internacional de Ensino\",\"publisher\":{\"@id\":\"https:\\\/\\\/www.compa-sp.com.br\\\/#organization\"},\"potentialAction\":[{\"@type\":\"SearchAction\",\"target\":{\"@type\":\"EntryPoint\",\"urlTemplate\":\"https:\\\/\\\/www.compa-sp.com.br\\\/?s={search_term_string}\"},\"query-input\":{\"@type\":\"PropertyValueSpecification\",\"valueRequired\":true,\"valueName\":\"search_term_string\"}}],\"inLanguage\":\"es\"},{\"@type\":\"Organization\",\"@id\":\"https:\\\/\\\/www.compa-sp.com.br\\\/#organization\",\"name\":\"Compa SP \u2022 Col\u00e9gio da Companhia de Maria \u2022 S\u00e3o Paulo\",\"alternateName\":\"Compa SP\",\"url\":\"https:\\\/\\\/www.compa-sp.com.br\\\/\",\"logo\":{\"@type\":\"ImageObject\",\"inLanguage\":\"es\",\"@id\":\"https:\\\/\\\/www.compa-sp.com.br\\\/#\\\/schema\\\/logo\\\/image\\\/\",\"url\":\"https:\\\/\\\/www.compa-sp.com.br\\\/wp-content\\\/uploads\\\/2022\\\/10\\\/COMPA_LOGO.png\",\"contentUrl\":\"https:\\\/\\\/www.compa-sp.com.br\\\/wp-content\\\/uploads\\\/2022\\\/10\\\/COMPA_LOGO.png\",\"width\":1820,\"height\":1820,\"caption\":\"Compa SP \u2022 Col\u00e9gio da Companhia de Maria \u2022 S\u00e3o Paulo\"},\"image\":{\"@id\":\"https:\\\/\\\/www.compa-sp.com.br\\\/#\\\/schema\\\/logo\\\/image\\\/\"},\"sameAs\":[\"https:\\\/\\\/www.facebook.com\\\/colegiodacompanhiademaria\",\"https:\\\/\\\/www.instagram.com\\\/colegiocompasp\",\"https:\\\/\\\/www.linkedin.com\\\/company\\\/compa-sp\",\"https:\\\/\\\/www.youtube.com\\\/compasp\"]}]}<\/script>\n<!-- \/ Yoast SEO Premium plugin. -->","yoast_head_json":{"title":"Acesso do Estudante, Respons\u00e1vel e Professor &#187; Compa SP \u00bb Col\u00e9gio da Companhia de Maria","description":"Nosso olhar aponta para o novo, sem desconsiderar a seguran\u00e7a da tradi\u00e7\u00e3o de quem educa h\u00e1 mais de 400 anos em v\u00e1rias partes do mundo.","robots":{"index":"noindex","follow":"follow"},"og_locale":"es_ES","og_type":"article","og_title":"Acesso do Estudante, Respons\u00e1vel e Professor","og_description":"Nosso olhar aponta para o novo, sem desconsiderar a seguran\u00e7a da tradi\u00e7\u00e3o de quem educa h\u00e1 mais de 400 anos em v\u00e1rias partes do mundo.","og_url":"https:\/\/www.compa-sp.com.br\/es\/login\/","og_site_name":"Compa SP \u00bb Col\u00e9gio da Companhia de Maria","article_publisher":"https:\/\/www.facebook.com\/colegiodacompanhiademaria","article_modified_time":"2024-02-16T15:46:40+00:00","og_image":[{"width":2560,"height":1854,"url":"https:\/\/www.compa-sp.com.br\/wp-content\/uploads\/2022\/10\/compasp_fachada-scaled.jpg","type":"image\/jpeg"}],"twitter_card":"summary_large_image","twitter_misc":{"Tiempo de lectura":"1 minuto"},"schema":{"@context":"https:\/\/schema.org","@graph":[{"@type":"WebPage","@id":"https:\/\/www.compa-sp.com.br\/login\/","url":"https:\/\/www.compa-sp.com.br\/login\/","name":"Acesso do Estudante, Respons\u00e1vel e Professor &#187; Compa SP \u00bb Col\u00e9gio da Companhia de Maria","isPartOf":{"@id":"https:\/\/www.compa-sp.com.br\/#website"},"datePublished":"2021-07-23T20:32:54+00:00","dateModified":"2024-02-16T15:46:40+00:00","description":"Nosso olhar aponta para o novo, sem desconsiderar a seguran\u00e7a da tradi\u00e7\u00e3o de quem educa h\u00e1 mais de 400 anos em v\u00e1rias partes do mundo.","breadcrumb":{"@id":"https:\/\/www.compa-sp.com.br\/login\/#breadcrumb"},"inLanguage":"es","potentialAction":[{"@type":"ReadAction","target":["https:\/\/www.compa-sp.com.br\/login\/"]}]},{"@type":"BreadcrumbList","@id":"https:\/\/www.compa-sp.com.br\/login\/#breadcrumb","itemListElement":[{"@type":"ListItem","position":1,"name":"In\u00edcio","item":"https:\/\/www.compa-sp.com.br\/"},{"@type":"ListItem","position":2,"name":"Acesso do Estudante, Respons\u00e1vel e Professor"}]},{"@type":"WebSite","@id":"https:\/\/www.compa-sp.com.br\/#website","url":"https:\/\/www.compa-sp.com.br\/","name":"Compa SP \u00bb Col\u00e9gio da Companhia de Maria","description":"Red Internacional de Educaci\u00f3n","publisher":{"@id":"https:\/\/www.compa-sp.com.br\/#organization"},"potentialAction":[{"@type":"SearchAction","target":{"@type":"EntryPoint","urlTemplate":"https:\/\/www.compa-sp.com.br\/?s={search_term_string}"},"query-input":{"@type":"PropertyValueSpecification","valueRequired":true,"valueName":"search_term_string"}}],"inLanguage":"es"},{"@type":"Organization","@id":"https:\/\/www.compa-sp.com.br\/#organization","name":"Compa SP \u2022 Col\u00e9gio da Companhia de Maria \u2022 S\u00e3o Paulo","alternateName":"Compa SP","url":"https:\/\/www.compa-sp.com.br\/","logo":{"@type":"ImageObject","inLanguage":"es","@id":"https:\/\/www.compa-sp.com.br\/#\/schema\/logo\/image\/","url":"https:\/\/www.compa-sp.com.br\/wp-content\/uploads\/2022\/10\/COMPA_LOGO.png","contentUrl":"https:\/\/www.compa-sp.com.br\/wp-content\/uploads\/2022\/10\/COMPA_LOGO.png","width":1820,"height":1820,"caption":"Compa SP \u2022 Col\u00e9gio da Companhia de Maria \u2022 S\u00e3o Paulo"},"image":{"@id":"https:\/\/www.compa-sp.com.br\/#\/schema\/logo\/image\/"},"sameAs":["https:\/\/www.facebook.com\/colegiodacompanhiademaria","https:\/\/www.instagram.com\/colegiocompasp","https:\/\/www.linkedin.com\/company\/compa-sp","https:\/\/www.youtube.com\/compasp"]}]}},"_links":{"self":[{"href":"https:\/\/www.compa-sp.com.br\/es\/wp-json\/wp\/v2\/pages\/1954","targetHints":{"allow":["GET"]}}],"collection":[{"href":"https:\/\/www.compa-sp.com.br\/es\/wp-json\/wp\/v2\/pages"}],"about":[{"href":"https:\/\/www.compa-sp.com.br\/es\/wp-json\/wp\/v2\/types\/page"}],"author":[{"embeddable":true,"href":"https:\/\/www.compa-sp.com.br\/es\/wp-json\/wp\/v2\/users\/1"}],"replies":[{"embeddable":true,"href":"https:\/\/www.compa-sp.com.br\/es\/wp-json\/wp\/v2\/comments?post=1954"}],"version-history":[{"count":293,"href":"https:\/\/www.compa-sp.com.br\/es\/wp-json\/wp\/v2\/pages\/1954\/revisions"}],"predecessor-version":[{"id":37636,"href":"https:\/\/www.compa-sp.com.br\/es\/wp-json\/wp\/v2\/pages\/1954\/revisions\/37636"}],"wp:attachment":[{"href":"https:\/\/www.compa-sp.com.br\/es\/wp-json\/wp\/v2\/media?parent=1954"}],"curies":[{"name":"wp","href":"https:\/\/api.w.org\/{rel}","templated":true}]}}